{"id":4041,"date":"2024-08-23T12:56:41","date_gmt":"2024-08-23T10:56:41","guid":{"rendered":"http:\/\/localhost\/retablo\/?page_id=3"},"modified":"2024-12-27T14:52:20","modified_gmt":"2024-12-27T13:52:20","slug":"privacy-policy","status":"publish","type":"page","link":"https:\/\/retablo.org\/eng\/privacy-policy\/","title":{"rendered":"Privacy Policy"},"content":{"rendered":"<h2><strong>INFORMATIVA TRATTAMENTO DATI PERSONALI &amp; PRIVACY<br \/>\n<\/strong><\/h2>\n<p id=\"yui_3_16_0_1_1527239183511_7760\"><span id=\"yui_3_16_0_1_1527239183511_7759\">Le modalit\u00e0 di gestione del sito sono descritte nella sezione\u00a0<strong>Politiche di sicurezza del nostro sito<\/strong>\u00a0che rappresenta \u00a0manifestazione dell\u2019<em id=\"yui_3_16_0_1_1527239183511_7761\">Informativa agli Interessati\u00a0<\/em>resa ai sensi dell\u2019art. 13 del Reg. UE 679\/2016 Regolamento europeo sulla protezione dei dati personali (di seguito anche \u201cil Regolamento\u201d) \u2013 \u00a0per coloro che interagiscono con i servizi web forniti dal sito ma non anche per altri siti web eventualmente consultati dall\u2019utente tramite link.<\/span><\/p>\n<p id=\"yui_3_16_0_1_1527239183511_7781\"><span id=\"yui_3_16_0_1_1527239183511_7780\">Al fine di garantire il massimo rispetto della normativa privacy vigente la Societ\u00e0 si \u00e8 data un\u2019organizzazione specifica, descritta nella presente sezione.<\/span><\/p>\n<h4 id=\"yui_3_16_0_1_1527239183511_7784\"><b id=\"yui_3_16_0_1_1527239183511_7783\"><span id=\"yui_3_16_0_1_1527239183511_7782\">POLITICHE DI SICUREZZA DEL NOSTRO SITO ED INFORMATIVA UTENTE<\/span><br \/>\n<\/b><\/h4>\n<p id=\"yui_3_16_0_1_1527239183511_7824\"><span id=\"yui_3_16_0_1_1527239183511_7823\">In questa pagina si descrivono le modalit\u00e0 di gestione del sito in riferimento al trattamento dei dati personali degli utenti che lo consultano.\u00a0<\/span><\/p>\n<p id=\"yui_3_16_0_1_1527239183511_7822\">Vai alla voce\u00a0<strong>Politiche Privacy<\/strong>\u00a0per conoscere il Titolare, l\u2019elenco dei Responsabili dei trattamenti e i diritti degli Interessati (ai sensi degli artt. 15-22 del Regolamento).<\/p>\n<p id=\"yui_3_16_0_1_1527239183511_7723\">Dati forniti volontariamente dall\u2019utente<\/p>\n<p id=\"yui_3_16_0_1_1527239183511_7786\">L\u2019invio facoltativo, esplicito e volontario di posta elettronica agli indirizzi indicati su questo sito comporta la successiva acquisizione dell\u2019indirizzo del mittente, necessario per dare risposta alle richieste, nonch\u00e9 degli eventuali altri dati personali inseriti nella missiva.<br \/>\n<span id=\"yui_3_16_0_1_1527239183511_7785\">Il trattamento a cui saranno sottoposti i dati personali di cui sopra ha unicamente lo scopo di permettere alla nostra Societ\u00e0, Titolare del trattamento, di rispondere a domande, dubbi, richieste di chiarimenti, o per accogliere i suggerimenti degli utenti.<\/span><\/p>\n<p id=\"yui_3_16_0_1_1527239183511_7787\">I dati non saranno soggetti a diffusione e potranno essere conosciuti da collaboratori della nostra Societ\u00e0 specificatamente autorizzati a trattarli, in qualit\u00e0 di Responsabili o Incaricati.<\/p>\n<p id=\"yui_3_16_0_1_1527239183511_7789\"><span id=\"yui_3_16_0_1_1527239183511_7788\">La normativa sulla privacy (artt. 15-22 del Regolamento) garantisce all\u2019Interessato il diritto di accedere in ogni momento ai dati che lo riguardano, nonch\u00e9 di richiedere la loro rettifica e\/o integrazione, se inesatti o incompleti, la loro cancellazione o la limitazione del loro trattamento, se ne ricorrono i presupposti, di opporsi al trattamento per motivi legati alla situazione particolare dell\u2019Interessato, di richiedere la portabilit\u00e0 dei dati forniti, ove trattati in modo automatizzato e sulla base del consenso o per l\u2019esecuzione di un contratto, nei limiti di quanto previsto dal Regolamento (art. 20).<\/span><\/p>\n<p id=\"yui_3_16_0_1_1527239183511_7791\">Titolare del trattamento \u00e8 l\u2019<strong>Associazione Culturale Retablo<\/strong>, con sede in Via G. A. Costanzo 41, 95128 \u2013 CATANIA (CT).<br \/>\n<span id=\"yui_3_16_0_1_1527239183511_7790\">Il \u201cResponsabile per la protezione dei dati\u201d \u00e8 a Sua disposizione per ogni eventuale dubbio o chiarimento: a tale scopo potr\u00e0 contattarlo presso l\u2019indicata sede al recapito\u00a0<a href=\"mailto:acretablo@pec.it\" target=\"_blank\" rel=\"noopener\">acretablo@pec.it<\/a>\u00a0al quale potr\u00e0 rivolgersi, oltre che per l\u2019esercizio dei Suoi diritti, anche per conoscere l\u2019elenco aggiornato delle categorie dei destinatari dei dati. Resta fermo il Suo diritto di presentare reclamo all\u2019Autorit\u00e0 italiana, il Garante Privacy, ove ritenuto necessario per la tutela dei Suoi dati personali e dei Suoi diritti in materia.<\/span><\/p>\n<p id=\"yui_3_16_0_1_1527239183511_7793\"><span id=\"yui_3_16_0_1_1527239183511_7792\">Specifiche informative di sintesi verranno progressivamente riportate o visualizzate nelle pagine del sito predisposte per particolari servizi a richiesta.<\/span><\/p>\n<p id=\"yui_3_16_0_1_1527239183511_7795\"><span id=\"yui_3_16_0_1_1527239183511_7794\">L\u2019utente \u00e8 libero di fornire i dati personali riportati nei moduli di richiesta o comunque indicati nel corso di contatti con l\u2019Ufficio aziendale per sollecitare l\u2019invio di materiale informativo o di altre comunicazioni. Il loro mancato conferimento pu\u00f2 comportare l\u2019impossibilit\u00e0 di ottenere quanto richiesto.<\/span><\/p>\n<p id=\"yui_3_16_0_1_1527239183511_7796\"><strong>Dati di navigazione<\/strong><br \/>\n<span id=\"yui_3_16_0_1_1527239183511_7797\">I sistemi informatici e le procedure software preposte al funzionamento di questo sito web acquisiscono, nel corso del loro normale esercizio, alcuni dati personali la cui trasmissione \u00e8 implicita nell\u2019uso dei protocolli di comunicazione di Internet. Si tratta di informazioni che non sono raccolte per essere associate a Interessati identificati ma che per loro stessa natura potrebbero permettere, attraverso elaborazioni ed associazioni con dati detenuti da terzi, di identificare gli utenti. In questa categoria di dati rientrano gli indirizzi IP o i nomi a dominio dei computer utilizzati dagli utenti che si connettono al sito, gli indirizzi in notazione URI (Uniform Resource Identifier) delle risorse richieste, l\u2019orario della richiesta, il metodo utilizzato nel sottoporre la richiesta al server, la dimensione del file ottenuto in risposta, il codice numerico indicante lo stato della risposta data dal server (buon fine, errore, ecc.) ed altri parametri relativi al sistema operativo e all\u2019ambiente informatico dell\u2019utente. Questi dati vengono utilizzati al solo fine di ricavare informazioni statistiche anonime sull\u2019uso del sito, per controllarne il corretto funzionamento e vengono periodicamente cancellati. I dati potrebbero essere utilizzati per l\u2019accertamento di responsabilit\u00e0 in caso di ipotetici reati informatici.<\/span><strong>\u00a0<\/strong><\/p>\n<p id=\"yui_3_16_0_1_1527239183511_7798\"><strong>Modalit\u00e0 del trattamento<\/strong><br \/>\n<span id=\"yui_3_16_0_1_1527239183511_7821\">I dati personali sono trattati con strumenti automatizzati per il tempo strettamente necessario a conseguire gli scopi per cui sono stati raccolti.<\/span><br \/>\n<span id=\"yui_3_16_0_1_1527239183511_7799\">Specifiche misure di sicurezza sono osservate per prevenire la perdita dei dati, usi illeciti o non corretti ed accessi non autorizzati.<\/span><\/p>\n<h1 id=\"yui_3_16_0_1_1527239183511_7800\"><strong>POLITICHE PRIVACY<\/strong><\/h1>\n<p id=\"yui_3_16_0_1_1527239183511_7820\"><strong>La nostra Associazione\u00a0<\/strong><span id=\"yui_3_16_0_1_1527239183511_7819\">tratta dati personali di terzi adottando da sempre ogni misura necessaria per garantire la riservatezza e la sicurezza dei dati trattati.<br \/>\nIn applicazione della normativa vigente in materia di protezione dei dati personali (<a href=\"http:\/\/www.garanteprivacy.it\/\" target=\"_blank\" rel=\"nofollow noopener\">Normativa<\/a>), si \u00e8 organizzata come segue:<\/span><\/p>\n<ul id=\"yui_3_16_0_1_1527239183511_7802\">\n<li>Titolare del trattamento dei dati personali \u00e8 l\u2019Associazione Culturale Retablo, con sede in via G. A. Costanzo 41, 95128 \u2013 CATANIA (CT);<\/li>\n<li id=\"yui_3_16_0_1_1527239183511_7801\">Agli addetti che trattano dati personali sono state fornite istruzioni specifiche e sono destinatari di un piano di formazione ed aggiornamento continuo;<\/li>\n<li id=\"yui_3_16_0_1_1527239183511_7804\"><span id=\"yui_3_16_0_1_1527239183511_7803\">L\u2019Associazione acquisisce i soli dati personali strettamente necessari all\u2019espletamento dei servizi richiesti o delle finalit\u00e0 per cui sono stati raccolti fornendo specifica informativa;<\/span><\/li>\n<li id=\"yui_3_16_0_1_1527239183511_7806\"><span id=\"yui_3_16_0_1_1527239183511_7805\">Al fine di garantire l\u2019esercizio dei diritti previsti dagli art. 15-22 del Regolamento (accesso alle informazioni ed altri diritti) e per fornire ogni ulteriore indicazione in materia di protezione dei dati personali, ciascun Interessato pu\u00f2 prendere contatto con il Responsabile per la protezione dei dati scrivendo a Associazione Culturale Retablo, con sede in via G. A. Costanzo 41, 95128 \u2013 CATANIA (CT) e-mail:\u00a0<a href=\"mailto:acretablo@pec.it\" target=\"_blank\" rel=\"noopener\">acretablo@pec.it<\/a>\u00a0per ottenere la conferma dell\u2019esistenza o meno di dati personali che lo riguardano, anche se non ancora registrati, e la loro comunicazione in forma intelligibile.<\/span><\/li>\n<\/ul>\n<p id=\"yui_3_16_0_1_1527239183511_7818\">Rivolgendosi al Responsabile per la protezione dei dati l\u2019Interessato ha inoltre la possibilit\u00e0 di:<\/p>\n<ul id=\"yui_3_16_0_1_1527239183511_7809\">\n<li>ottenere l\u2019indicazione sull\u2019origine, sulle finalit\u00e0 e sulle modalit\u00e0 di trattamento dei dati che lo riguardano;<\/li>\n<li>ottenere la cancellazione, la trasformazione in forma anonima, la limitazione del trattamento, l\u2019aggiornamento, la rettifica e\/o l\u2019integrazione dei dati;<\/li>\n<li>opporsi per motivi legittimi al trattamento dei dati personali, previsto a fini di vendita, di invio di materiale pubblicitario e di ricerche di mercato;<\/li>\n<li>ottenere informazioni circa i soggetti o le categorie di soggetti cui i dati vengono comunicati o che possono venirne a conoscenza, in qualit\u00e0 di Responsabili o di Incaricati;<\/li>\n<li id=\"yui_3_16_0_1_1527239183511_7808\"><span id=\"yui_3_16_0_1_1527239183511_7807\">ottenere informazioni circa i soggetti che possono venirne a conoscenza in qualit\u00e0 di Responsabili o di Incaricati, anche a seguito di attivit\u00e0 prestate da altre societ\u00e0 del Gruppo sulla base di contratti di service;<\/span><\/li>\n<li id=\"yui_3_16_0_1_1527239183511_7811\"><span id=\"yui_3_16_0_1_1527239183511_7810\">richiedere la portabilit\u00e0 dei dati da Lei forniti, ove trattati in modo automatizzato e sulla base del consenso o di un contratto di cui l\u2019Interessato sia parte, nei limiti di quanto previsto dal Regolamento (art. 20).<\/span><\/li>\n<\/ul>\n<h2><strong>COOKIE POLICY<br \/>\n<\/strong><\/h2>\n<div class=\"content article-content story-content\">\n<p>In questa pagina si descrivono le modalit\u00e0 di gestione del sito con riferimento all\u2019utilizzo dei cookie e al relativo trattamento dei dati personali degli utenti che lo consultano. I cookie sono piccoli file di testo che i siti visitati inviano al terminale (desktop, tablet, smartphone, notebook) dell\u2019utente, dove vengono memorizzati, per poi essere ritrasmessi agli stessi siti alla visita successiva.<\/p>\n<p>Sono usati per eseguire autenticazioni informatiche, monitoraggio di sessioni e memorizzazione di informazioni sui siti (senza l\u2019uso dei cookie \u201ctecnici\u201d alcune operazioni risulterebbero molto complesse o impossibili da eseguire). Nel corso della navigazione su un sito, l\u2019utente pu\u00f2 ricevere sul suo terminale anche cookie che sono inviati da siti o da web server diversi (c.d. \u201cterze parti\u201d), sui quali possono risiedere alcuni elementi (quali, ad esempio, immagini, mappe, suoni, specifici link a pagine di altri domini) presenti sul sito che lo stesso sta visitando. I cookie che utilizziamo sono suddivisi nelle seguenti categorie:<\/p>\n<p><strong>Cookie TECNICI<\/strong><\/p>\n<p>I cookie tecnici permettono un agevole utilizzo del sito ed un pi\u00f9 facile reperimento delle informazioni, semplificando la connessione e le trasmissioni di dati tra utente e sito. Utilizziamo:<\/p>\n<ul>\n<li><strong>cookie di navigazione o di sessione:<\/strong>\u00a0garantiscono la normale navigazione e fruizione del sito web permettendo, ad esempio il salvataggio delle preferenze dell\u2019utente e gestione della sessione;<\/li>\n<li><strong>cookie di funzionalit\u00e0:\u00a0<\/strong>permettono la navigazione in funzione di una serie di criteri selezionati, ad esempio, la selezione di un box o la personalizzazione di una pagina al fine di migliorare il servizio reso.<\/li>\n<\/ul>\n<p>Queste tipologie di cookie possono essere sia temporanee che persistenti in base alle necessit\u00e0 di utilizzo. Ti informiamo che puoi autorizzare, limitare o bloccare i cookie attraverso le\u00a0<strong><a href=\"http:\/\/www.fondazioneunipolis.org\/cookie\/#anc\">impostazioni del browser<\/a><\/strong>, tuttavia, se imposterai il tuo dispositivo in modo da rifiutare questi cookies, alcuni servizi del sito potrebbero non essere visualizzati correttamente o funzionare in maniera non ottimale.<strong>\u00a0<\/strong>Ti informiamo inoltre che la tua preferenza sull\u2019uso dei cookie di profilazione, da te espressa nel banner proposto alla prima visita del sito, viene tracciata mediante un cookie tecnico che non potr\u00e0 essere cancellato in quanto strettamente necessario per noi per adempiere alla normativa sui cookie<em>.<\/em><\/p>\n<p><strong>Cookie ANALYTICS<\/strong><\/p>\n<p>Usiamo cookie analytics per raccogliere informazioni sull\u2019utilizzo del nostro sito. Tali cookie, assimilabili ai cookie tecnici, sono trattati in forma aggregata per monitorare le aree del sito maggiormente visitate, migliorare i contenuti del sito, facilitarne l\u2019uso da parte dell\u2019utente e monitorare il corretto funzionamento del sito. I cookie di analytics utilizzati da questo sito sono da considerarsi in alcune specifiche persistenti, in altre no. Ti informiamo che puoi autorizzare, limitare o bloccare i cookie attraverso le\u00a0<strong><a href=\"http:\/\/www.fondazioneunipolis.org\/cookie\/#anc\">impostazioni del browser<\/a><\/strong>.\u00a0<strong>\u00a0<\/strong><\/p>\n<p><strong>Cookie di TERZE PARTI<\/strong><\/p>\n<p>Sono impostati da un sito web diverso da quello che l\u2019utente sta visitando. Questo perch\u00e9 su ogni sito possono essere presenti elementi (immagini, mappe, suoni, specifici link a pagine web di altri domini, ecc.) che risiedono su server diversi da quello del sito visitato. Consentiamo a terze parti di utilizzare sul nostro sito web i cookie di sharethis, Youtube e Vimeo al fine di permettere la condivisione dei contenuti sui social network e la visualizzazione di video.<\/p>\n<p><a href=\"https:\/\/www.facebook.com\/help\/cookies\/\">Facebook informativa<\/a><\/p>\n<p>Facebook (configurazione): accedere al proprio account. Sezione privacy.<\/p>\n<p><a href=\"https:\/\/support.twitter.com\/articles\/20170514\">Twitter informativa<\/a><\/p>\n<p><a href=\"https:\/\/twitter.com\/settings\/security\">Twitter (configurazione)<\/a><\/p>\n<p><a href=\"https:\/\/www.linkedin.com\/legal\/cookie-policy\">Linkedin informativa<\/a><\/p>\n<p><a href=\"https:\/\/www.linkedin.com\/settings\/\">Linkedin (configurazione)<\/a><\/p>\n<p><a href=\"https:\/\/www.google.it\/intl\/it\/policies\/privacy\/\">Youtube<\/a><\/p>\n<p><a href=\"https:\/\/vimeo.com\/cookie_policy\">Vimeo<\/a><\/p>\n<p>&nbsp;<\/p>\n<p><strong>I cookie e le impostazioni del browser<\/strong><\/p>\n<p>In questa sezione trovi le informazioni per disattivare i cookies sul tuo browser. Ti ricordiamo che disattivando i cookies alcune parti del sito potrebbero non funzionare correttamente. Se il tuo browser non si trova nell\u2019elenco sotto riportato, ti preghiamo di consultare le istruzione riportate sul tuo browser in merito alla gestione dei cookies.<\/p>\n<p><strong>Internet Explorer versione 6 o superiore<\/strong><\/p>\n<ul>\n<li>Seleziona \u201cStrumenti\u201d nella barra del tuo browser<\/li>\n<li>Seleziona \u201cOpzioni Internet\u201d<\/li>\n<li>Seleziona la voce \u201cPrivacy\u201d e poi clicca su \u201cAvanzate\u201d<\/li>\n<li>Seleziona \u201cSostituisci gestione automatica cookie\u201d<\/li>\n<li>Disattiva i \u201cCookie dei siti Web visualizzati\u201d selezionando la voce \u201cBlocca\u201d<\/li>\n<li>Disattiva i \u201cCookie di terze parti\u201d selezionando la voce \u201cBlocca\u201d<\/li>\n<li>Disattiva i \u201cCookie di sessione\u201d deselezionando la voce \u201cAccetta sempre i cookie della sessione\u201d<\/li>\n<li>Clicca su \u201cOK\u201d<\/li>\n<\/ul>\n<p><strong>Firefox versione 9 o superiore<\/strong><\/p>\n<ul>\n<li>Seleziona \u201cStrumenti\u201d nella barra del tuo browser<\/li>\n<li>Seleziona \u201cOpzioni\u201d<\/li>\n<li>Selezione la voce \u201cPrivacy\u201d<\/li>\n<li>Nell\u2019area \u201cCronologia\u201d scegli dal men\u00f9 a tendina l\u2019opzione \u201cutilizza impostazioni personalizzate\u201d<\/li>\n<li>Disattiva i cookies deselezionando la voce \u201cAccetta i cookie dai siti\u201d<\/li>\n<li>Clicca su \u201cOK\u201d<\/li>\n<\/ul>\n<p><strong>Google Chrome versione 24 o superiore<\/strong><\/p>\n<ul>\n<li>Seleziona \u201cMen\u00f9 Chrome\u201d nella barra del tuo browser<\/li>\n<li>Selezione \u201cimpostazioni\u201d<\/li>\n<li>Seleziona \u201cMostra impostazione avanzate\u201d<\/li>\n<li>Nella sezione \u201cPrivacy\u201d clicca su \u201cImpostazione contenuti\u201d<\/li>\n<li>Disattiva tutti i cookies selezionando \u201cImpedisci ai siti di impostare dati\u201d e \u201cBlocca cookie di terze parti e dati dei siti\u201d<\/li>\n<li>Clicca su \u201cOK\u201d<\/li>\n<\/ul>\n<\/div>","protected":false},"excerpt":{"rendered":"<p>INFORMATIVA TRATTAMENTO DATI PERSONALI &amp; PRIVACY Le modalit\u00e0 di gestione [&hellip;]<\/p>","protected":false},"author":1,"featured_media":0,"parent":0,"menu_order":0,"comment_status":"closed","ping_status":"open","template":"","meta":{"footnotes":""},"class_list":["post-4041","page","type-page","status-publish","hentry"],"yoast_head":"<!-- This site is optimized with the Yoast SEO plugin v26.0 - https:\/\/yoast.com\/wordpress\/plugins\/seo\/ -->\n<title>Privacy Policy - Retablo<\/title>\n<meta name=\"robots\" content=\"index, follow, max-snippet:-1, max-image-preview:large, max-video-preview:-1\" \/>\n<link rel=\"canonical\" href=\"https:\/\/retablo.org\/eng\/privacy-policy\/\" \/>\n<meta property=\"og:locale\" content=\"en_GB\" \/>\n<meta property=\"og:type\" content=\"article\" \/>\n<meta property=\"og:title\" content=\"Privacy Policy - Retablo\" \/>\n<meta property=\"og:description\" content=\"INFORMATIVA TRATTAMENTO DATI PERSONALI &amp; PRIVACY Le modalit\u00e0 di gestione [&hellip;]\" \/>\n<meta property=\"og:url\" content=\"https:\/\/retablo.org\/eng\/privacy-policy\/\" \/>\n<meta property=\"og:site_name\" content=\"Retablo\" \/>\n<meta property=\"article:publisher\" content=\"https:\/\/www.facebook.com\/compagnia.retablo\" \/>\n<meta property=\"article:modified_time\" content=\"2024-12-27T13:52:20+00:00\" \/>\n<meta property=\"og:image\" content=\"https:\/\/retablo.org\/wp-content\/uploads\/2024\/12\/Progetto-Kthack-scaled.jpg\" \/>\n\t<meta property=\"og:image:width\" content=\"2560\" \/>\n\t<meta property=\"og:image:height\" content=\"1710\" \/>\n\t<meta property=\"og:image:type\" content=\"image\/jpeg\" \/>\n<meta name=\"twitter:card\" content=\"summary_large_image\" \/>\n<meta name=\"twitter:label1\" content=\"Estimated reading time\" \/>\n\t<meta name=\"twitter:data1\" content=\"10 minutes\" \/>\n<script type=\"application\/ld+json\" class=\"yoast-schema-graph\">{\"@context\":\"https:\/\/schema.org\",\"@graph\":[{\"@type\":\"WebPage\",\"@id\":\"https:\/\/retablo.org\/privacy-policy\/\",\"url\":\"https:\/\/retablo.org\/privacy-policy\/\",\"name\":\"Privacy Policy - Retablo\",\"isPartOf\":{\"@id\":\"https:\/\/retablo.org\/#website\"},\"datePublished\":\"2024-08-23T10:56:41+00:00\",\"dateModified\":\"2024-12-27T13:52:20+00:00\",\"breadcrumb\":{\"@id\":\"https:\/\/retablo.org\/privacy-policy\/#breadcrumb\"},\"inLanguage\":\"en-GB\",\"potentialAction\":[{\"@type\":\"ReadAction\",\"target\":[\"https:\/\/retablo.org\/privacy-policy\/\"]}]},{\"@type\":\"BreadcrumbList\",\"@id\":\"https:\/\/retablo.org\/privacy-policy\/#breadcrumb\",\"itemListElement\":[{\"@type\":\"ListItem\",\"position\":1,\"name\":\"Home\",\"item\":\"https:\/\/retablo.org\/\"},{\"@type\":\"ListItem\",\"position\":2,\"name\":\"Privacy Policy\"}]},{\"@type\":\"WebSite\",\"@id\":\"https:\/\/retablo.org\/#website\",\"url\":\"https:\/\/retablo.org\/\",\"name\":\"Retablo\",\"description\":\"Dreamaturgy Zone\",\"publisher\":{\"@id\":\"https:\/\/retablo.org\/#organization\"},\"alternateName\":\"Retablo Dreamaturgy Zone\",\"potentialAction\":[{\"@type\":\"SearchAction\",\"target\":{\"@type\":\"EntryPoint\",\"urlTemplate\":\"https:\/\/retablo.org\/?s={search_term_string}\"},\"query-input\":{\"@type\":\"PropertyValueSpecification\",\"valueRequired\":true,\"valueName\":\"search_term_string\"}}],\"inLanguage\":\"en-GB\"},{\"@type\":\"Organization\",\"@id\":\"https:\/\/retablo.org\/#organization\",\"name\":\"Retablo\",\"alternateName\":\"Retablo ETS\",\"url\":\"https:\/\/retablo.org\/\",\"logo\":{\"@type\":\"ImageObject\",\"inLanguage\":\"en-GB\",\"@id\":\"https:\/\/retablo.org\/#\/schema\/logo\/image\/\",\"url\":\"https:\/\/retablo.org\/wp-content\/uploads\/2024\/12\/retablo-redRisorsa-2.png\",\"contentUrl\":\"https:\/\/retablo.org\/wp-content\/uploads\/2024\/12\/retablo-redRisorsa-2.png\",\"width\":1496,\"height\":198,\"caption\":\"Retablo\"},\"image\":{\"@id\":\"https:\/\/retablo.org\/#\/schema\/logo\/image\/\"},\"sameAs\":[\"https:\/\/www.facebook.com\/compagnia.retablo\",\"https:\/\/www.instagram.com\/r.et.ablo\/\",\"https:\/\/www.youtube.com\/user\/youretablo\"]}]}<\/script>\n<!-- \/ Yoast SEO plugin. -->","yoast_head_json":{"title":"Privacy Policy - Retablo","robots":{"index":"index","follow":"follow","max-snippet":"max-snippet:-1","max-image-preview":"max-image-preview:large","max-video-preview":"max-video-preview:-1"},"canonical":"https:\/\/retablo.org\/eng\/privacy-policy\/","og_locale":"en_GB","og_type":"article","og_title":"Privacy Policy - Retablo","og_description":"INFORMATIVA TRATTAMENTO DATI PERSONALI &amp; PRIVACY Le modalit\u00e0 di gestione [&hellip;]","og_url":"https:\/\/retablo.org\/eng\/privacy-policy\/","og_site_name":"Retablo","article_publisher":"https:\/\/www.facebook.com\/compagnia.retablo","article_modified_time":"2024-12-27T13:52:20+00:00","og_image":[{"width":2560,"height":1710,"url":"https:\/\/retablo.org\/wp-content\/uploads\/2024\/12\/Progetto-Kthack-scaled.jpg","type":"image\/jpeg"}],"twitter_card":"summary_large_image","twitter_misc":{"Estimated reading time":"10 minutes"},"schema":{"@context":"https:\/\/schema.org","@graph":[{"@type":"WebPage","@id":"https:\/\/retablo.org\/privacy-policy\/","url":"https:\/\/retablo.org\/privacy-policy\/","name":"Privacy Policy - Retablo","isPartOf":{"@id":"https:\/\/retablo.org\/#website"},"datePublished":"2024-08-23T10:56:41+00:00","dateModified":"2024-12-27T13:52:20+00:00","breadcrumb":{"@id":"https:\/\/retablo.org\/privacy-policy\/#breadcrumb"},"inLanguage":"en-GB","potentialAction":[{"@type":"ReadAction","target":["https:\/\/retablo.org\/privacy-policy\/"]}]},{"@type":"BreadcrumbList","@id":"https:\/\/retablo.org\/privacy-policy\/#breadcrumb","itemListElement":[{"@type":"ListItem","position":1,"name":"Home","item":"https:\/\/retablo.org\/"},{"@type":"ListItem","position":2,"name":"Privacy Policy"}]},{"@type":"WebSite","@id":"https:\/\/retablo.org\/#website","url":"https:\/\/retablo.org\/","name":"Retablo","description":"Dreamaturgy Zone","publisher":{"@id":"https:\/\/retablo.org\/#organization"},"alternateName":"Retablo Dreamaturgy Zone","potentialAction":[{"@type":"SearchAction","target":{"@type":"EntryPoint","urlTemplate":"https:\/\/retablo.org\/?s={search_term_string}"},"query-input":{"@type":"PropertyValueSpecification","valueRequired":true,"valueName":"search_term_string"}}],"inLanguage":"en-GB"},{"@type":"Organization","@id":"https:\/\/retablo.org\/#organization","name":"Retablo","alternateName":"Retablo ETS","url":"https:\/\/retablo.org\/","logo":{"@type":"ImageObject","inLanguage":"en-GB","@id":"https:\/\/retablo.org\/#\/schema\/logo\/image\/","url":"https:\/\/retablo.org\/wp-content\/uploads\/2024\/12\/retablo-redRisorsa-2.png","contentUrl":"https:\/\/retablo.org\/wp-content\/uploads\/2024\/12\/retablo-redRisorsa-2.png","width":1496,"height":198,"caption":"Retablo"},"image":{"@id":"https:\/\/retablo.org\/#\/schema\/logo\/image\/"},"sameAs":["https:\/\/www.facebook.com\/compagnia.retablo","https:\/\/www.instagram.com\/r.et.ablo\/","https:\/\/www.youtube.com\/user\/youretablo"]}]}},"_links":{"self":[{"href":"https:\/\/retablo.org\/eng\/wp-json\/wp\/v2\/pages\/4041","targetHints":{"allow":["GET"]}}],"collection":[{"href":"https:\/\/retablo.org\/eng\/wp-json\/wp\/v2\/pages"}],"about":[{"href":"https:\/\/retablo.org\/eng\/wp-json\/wp\/v2\/types\/page"}],"author":[{"embeddable":true,"href":"https:\/\/retablo.org\/eng\/wp-json\/wp\/v2\/users\/1"}],"replies":[{"embeddable":true,"href":"https:\/\/retablo.org\/eng\/wp-json\/wp\/v2\/comments?post=4041"}],"version-history":[{"count":3,"href":"https:\/\/retablo.org\/eng\/wp-json\/wp\/v2\/pages\/4041\/revisions"}],"predecessor-version":[{"id":4368,"href":"https:\/\/retablo.org\/eng\/wp-json\/wp\/v2\/pages\/4041\/revisions\/4368"}],"wp:attachment":[{"href":"https:\/\/retablo.org\/eng\/wp-json\/wp\/v2\/media?parent=4041"}],"curies":[{"name":"wp","href":"https:\/\/api.w.org\/{rel}","templated":true}]}}